{"id":110,"date":"2013-10-08T10:45:47","date_gmt":"2013-10-08T14:45:47","guid":{"rendered":"http:\/\/pavillonmontcalm.com\/?page_id=110"},"modified":"2025-10-14T10:16:03","modified_gmt":"2025-10-14T15:16:03","slug":"tarification","status":"publish","type":"page","link":"https:\/\/pavillonmontcalm.com\/fr\/tarification\/","title":{"rendered":"Tarification"},"content":{"rendered":"<p><\/p>\n<h2 style=\"text-align: left;\">Tarification<\/h2>\n<h4 style=\"margin-bottom: 15px;\">Pavillon Montcalm<\/h4>\n<table style=\"float: left; height: 422px;\" width=\"503\">\n<thead>\n<tr>\n<td style=\"width: 120px;\"><\/td>\n<td style=\"width: 45px;\">Prix<\/td>\n<td style=\"width: 40px;\">Meubles<\/td>\n<td style=\"width: 70px;\">m<sup>2<\/sup><\/td>\n<\/tr>\n<\/thead>\n<tbody>\n<tr class=\"odd\">\n<td>1 \u00bd<\/td>\n<td>775 $<\/td>\n<td>30 $<\/td>\n<td>30<\/td>\n<\/tr>\n<tr class=\"even\">\n<td>2 \u00bd petit<\/td>\n<td>855 $<\/td>\n<td>30 $<\/td>\n<td>33<\/td>\n<\/tr>\n<tr class=\"odd\">\n<td>2 \u00bd r\u00e9g. 1 fen\u00eatre<\/td>\n<td>955 $<\/td>\n<td>40 $<\/td>\n<td>42<\/td>\n<\/tr>\n<tr class=\"even\">\n<td>2 \u00bd r\u00e9g. 2 fen\u00eatres<\/td>\n<td>980 $<\/td>\n<td>40 $<\/td>\n<td>42<\/td>\n<\/tr>\n<tr class=\"odd\">\n<td>2\u00a0\u00bd grand<\/td>\n<td>1 050 $<\/td>\n<td>40 $<\/td>\n<td>53<\/td>\n<\/tr>\n<tr class=\"even\">\n<td>3 \u00bd r\u00e9gulier<\/td>\n<td>1 050 $<\/td>\n<td>40 $<\/td>\n<td>47<\/td>\n<\/tr>\n<tr class=\"odd\">\n<td>3 \u00bd grand<\/td>\n<td>1 260 $<\/td>\n<td>N \/ A<\/td>\n<td>68<\/td>\n<\/tr>\n<tr class=\"even\">\n<td>4 \u00bd<\/td>\n<td>1 380 $<\/td>\n<td>N \/ A<\/td>\n<td>65 \u00e0 70<\/td>\n<\/tr>\n<\/tbody>\n<\/table>\n<p>Les prix de nos appartements incluent les co\u00fbts de chauffage, de l&rsquo;\u00e9clairage et de l&rsquo;eau chaude.<\/p>\n<p>Tous les appartements sont semi-meubl\u00e9s (po\u00eale et r\u00e9frig\u00e9rateur).<\/p>\n<div class=\"clear\"><\/div>\n<hr style=\"clear: both;\" \/>\n<h4 style=\"margin: 15px 0;\">Villa Montcalm<\/h4>\n<table style=\"float: left; height: 126px;\" width=\"503\">\n<thead>\n<tr class=\"even\">\n<td style=\"width: 120px;\"><\/td>\n<td style=\"width: 45px;\">Prix<\/td>\n<td style=\"width: 40px;\">Meubles<\/td>\n<td style=\"width: 70px;\">m<sup>2<\/sup><\/td>\n<\/tr>\n<\/thead>\n<tbody>\n<tr class=\"odd\">\n<td>1 \u00bd<\/td>\n<td>720 $<\/td>\n<td>30 $<\/td>\n<td>23<\/td>\n<\/tr>\n<tr class=\"even\">\n<td>1 \u00bd grand<\/td>\n<td>730 \u00e0 805 $<\/td>\n<td>30 $<\/td>\n<td>26 \u00e0 42<\/td>\n<\/tr>\n<\/tbody>\n<\/table>\n<p>Les prix de nos appartements incluent les co\u00fbts du chauffage, de l&rsquo;\u00e9clairage, de l&rsquo;eau chaude.<\/p>\n<div class=\"clear\"><\/div>\n<hr style=\"clear: both;\" \/>\n<h4 style=\"margin: 15px 0;\">Logements cl\u00e9 en main<\/h4>\n<table style=\"float: left; margin-bottom: 15px; height: 70px;\" width=\"503\">\n<thead>\n<tr class=\"even\">\n<td style=\"width: 120px;\"><\/td>\n<td style=\"width: 45px;\">Prix<\/td>\n<td style=\"width: 40px;\">Meubles<\/td>\n<td style=\"width: 70px;\">m<sup>2<\/sup><\/td>\n<\/tr>\n<\/thead>\n<tbody>\n<tr class=\"odd\">\n<td>2 \u00bd<\/td>\n<td>1 400 $<\/td>\n<td>&#8211;<\/td>\n<td>&#8211;<\/td>\n<\/tr>\n<\/tbody>\n<\/table>\n<p style=\"margin: 0;\">Appartement compl\u00e8tement meubl\u00e9 incluant literie, vaisselle, petits appareils m\u00e9nagers, t\u00e9l\u00e9viseur, c\u00e2ble, internet, t\u00e9l\u00e9phone, etc. Vous n&rsquo;avez besoin que de vos bagages !<\/p>\n<div class=\"clear\"><\/div>\n<hr style=\"clear: both;\" \/>\n<h4 style=\"margin: 15px 0;\">Notes<\/h4>\n<ul class=\"liste-plus\">\n<li>Les visites sont sur rendez-vous de 10h00 \u00e0 20h00 except\u00e9 de midi \u00e0 13h00, et ce, du lundi au vendredi. <span class=\"Y2IQFc\" lang=\"fr\">Veuillez nous contacter pour en planifier une.<\/span><\/li>\n<li>Vous pouvez \u00e9galement visiter un appartement sur rendez-vous de 10h00 \u00e0 20h00 le samedi et le dimanche, except\u00e9 de 17h00 \u00e0 18h00.<\/li>\n<li>Il y a une r\u00e9duction de 30 $ sur les grands 3 \u00bd\u00a0et les 4 \u00bd\u00a0lorsque le locataire fournit son po\u00eale et son r\u00e9frig\u00e9rateur<b>.<\/b><\/li>\n<li>Pour d&rsquo;autres renseignements, n&rsquo;h\u00e9sitez pas \u00e0 communiquer avec nous.<\/li>\n<\/ul>\n<p><\/p>","protected":false},"excerpt":{"rendered":"<p>Tarification Pavillon Montcalm Prix Meubles m2 1 \u00bd 775 $ 30 $ 30 2 \u00bd petit 855 $ 30 $ 33 2 \u00bd r\u00e9g. 1 fen\u00eatre 955 $ 40 $ 42 2 \u00bd r\u00e9g. 2 fen\u00eatres 980 $ 40 $ 42 2\u00a0\u00bd grand 1 050 $ 40 $ 53 3 \u00bd r\u00e9gulier 1 050 $ [&hellip;]<\/p>\n","protected":false},"author":2,"featured_media":0,"parent":0,"menu_order":0,"comment_status":"closed","ping_status":"closed","template":"logements-autres.php","meta":{"footnotes":""},"class_list":["post-110","page","type-page","status-publish","hentry"],"acf":[],"_links":{"self":[{"href":"https:\/\/pavillonmontcalm.com\/fr\/wp-json\/wp\/v2\/pages\/110","targetHints":{"allow":["GET"]}}],"collection":[{"href":"https:\/\/pavillonmontcalm.com\/fr\/wp-json\/wp\/v2\/pages"}],"about":[{"href":"https:\/\/pavillonmontcalm.com\/fr\/wp-json\/wp\/v2\/types\/page"}],"author":[{"embeddable":true,"href":"https:\/\/pavillonmontcalm.com\/fr\/wp-json\/wp\/v2\/users\/2"}],"replies":[{"embeddable":true,"href":"https:\/\/pavillonmontcalm.com\/fr\/wp-json\/wp\/v2\/comments?post=110"}],"version-history":[{"count":88,"href":"https:\/\/pavillonmontcalm.com\/fr\/wp-json\/wp\/v2\/pages\/110\/revisions"}],"predecessor-version":[{"id":1699,"href":"https:\/\/pavillonmontcalm.com\/fr\/wp-json\/wp\/v2\/pages\/110\/revisions\/1699"}],"wp:attachment":[{"href":"https:\/\/pavillonmontcalm.com\/fr\/wp-json\/wp\/v2\/media?parent=110"}],"curies":[{"name":"wp","href":"https:\/\/api.w.org\/{rel}","templated":true}]}}